{"id":684,"date":"2025-04-22T13:13:03","date_gmt":"2025-04-22T11:13:03","guid":{"rendered":"https:\/\/farmaciacentrosanmiguel.com\/tienda\/?post_type=product&#038;p=684"},"modified":"2025-04-25T14:37:00","modified_gmt":"2025-04-25T12:37:00","slug":"be-skin-protec-antimanchas-prevencion","status":"publish","type":"product","link":"https:\/\/farmaciacentrosanmiguel.com\/tienda\/producto\/be-skin-protec-antimanchas-prevencion\/","title":{"rendered":"Be+ Skin protec antimanchas prevenci\u00f3n"},"content":{"rendered":"<p>Be+Skin Protect antimanchas prevenci\u00f3n SPF50+ es un ultrafluido antimachas de alta eficacia dise\u00f1ado especialmente para prevenir la aparici\u00f3n de manchas causadas por la exposici\u00f3n solar y la producci\u00f3n ambiental. Con composici\u00f3n hipoalergenica y resistencia al agua hacen de este producto una elecci\u00f3n sgura y eiciente para el cuidado de la piel.<\/p>\n","protected":false},"excerpt":{"rendered":"<p>Be+Skin Protect antimanchas prevenci\u00f3n SPF50+ es un ultrafluido antimachas de alta eficacia dise\u00f1ado especialmente para prevenir la aparici\u00f3n de manchas&#8230;<\/p>\n","protected":false},"featured_media":872,"template":"","meta":{"_uag_custom_page_level_css":""},"product_brand":[],"product_cat":[22],"product_tag":[],"class_list":{"0":"post-684","1":"product","2":"type-product","3":"status-publish","4":"has-post-thumbnail","6":"product_cat-cinfa","8":"first","9":"outofstock","10":"shipping-taxable","11":"purchasable","12":"product-type-simple"},"yoast_head":"<!-- This site is optimized with the Yoast SEO plugin v24.9 - https:\/\/yoast.com\/wordpress\/plugins\/seo\/ -->\n<title>Be+ Skin protec antimanchas prevenci\u00f3n - Tienda Farmacia Centro San Miguel - In\u00e9s Calle<\/title>\n<meta name=\"robots\" content=\"index, follow, max-snippet:-1, max-image-preview:large, max-video-preview:-1\" \/>\n<link rel=\"canonical\" href=\"https:\/\/farmaciacentrosanmiguel.com\/tienda\/producto\/be-skin-protec-antimanchas-prevencion\/\" \/>\n<meta property=\"og:locale\" content=\"es_ES\" \/>\n<meta property=\"og:type\" content=\"article\" \/>\n<meta property=\"og:title\" content=\"Be+ Skin protec antimanchas prevenci\u00f3n - Tienda Farmacia Centro San Miguel - In\u00e9s Calle\" \/>\n<meta property=\"og:description\" content=\"Be+Skin Protect antimanchas prevenci\u00f3n SPF50+ es un ultrafluido antimachas de alta eficacia dise\u00f1ado especialmente para prevenir la aparici\u00f3n de manchas...\" \/>\n<meta property=\"og:url\" content=\"https:\/\/farmaciacentrosanmiguel.com\/tienda\/producto\/be-skin-protec-antimanchas-prevencion\/\" \/>\n<meta property=\"og:site_name\" content=\"Tienda Farmacia Centro San Miguel - In\u00e9s Calle\" \/>\n<meta property=\"article:modified_time\" content=\"2025-04-25T12:37:00+00:00\" \/>\n<meta property=\"og:image\" content=\"https:\/\/farmaciacentrosanmiguel.com\/tienda\/wp-content\/uploads\/2025\/04\/39-be-skin-protect-manchas.jpg\" \/>\n\t<meta property=\"og:image:width\" content=\"800\" \/>\n\t<meta property=\"og:image:height\" content=\"800\" \/>\n\t<meta property=\"og:image:type\" content=\"image\/jpeg\" \/>\n<meta name=\"twitter:card\" content=\"summary_large_image\" \/>\n<script type=\"application\/ld+json\" class=\"yoast-schema-graph\">{\"@context\":\"https:\/\/schema.org\",\"@graph\":[{\"@type\":\"WebPage\",\"@id\":\"https:\/\/farmaciacentrosanmiguel.com\/tienda\/producto\/be-skin-protec-antimanchas-prevencion\/\",\"url\":\"https:\/\/farmaciacentrosanmiguel.com\/tienda\/producto\/be-skin-protec-antimanchas-prevencion\/\",\"name\":\"Be+ Skin protec antimanchas prevenci\u00f3n - Tienda Farmacia Centro San Miguel - In\u00e9s Calle\",\"isPartOf\":{\"@id\":\"https:\/\/farmaciacentrosanmiguel.com\/tienda\/#website\"},\"primaryImageOfPage\":{\"@id\":\"https:\/\/farmaciacentrosanmiguel.com\/tienda\/producto\/be-skin-protec-antimanchas-prevencion\/#primaryimage\"},\"image\":{\"@id\":\"https:\/\/farmaciacentrosanmiguel.com\/tienda\/producto\/be-skin-protec-antimanchas-prevencion\/#primaryimage\"},\"thumbnailUrl\":\"https:\/\/farmaciacentrosanmiguel.com\/tienda\/wp-content\/uploads\/2025\/04\/39-be-skin-protect-manchas.jpg\",\"datePublished\":\"2025-04-22T11:13:03+00:00\",\"dateModified\":\"2025-04-25T12:37:00+00:00\",\"breadcrumb\":{\"@id\":\"https:\/\/farmaciacentrosanmiguel.com\/tienda\/producto\/be-skin-protec-antimanchas-prevencion\/#breadcrumb\"},\"inLanguage\":\"es\",\"potentialAction\":[{\"@type\":\"ReadAction\",\"target\":[\"https:\/\/farmaciacentrosanmiguel.com\/tienda\/producto\/be-skin-protec-antimanchas-prevencion\/\"]}]},{\"@type\":\"ImageObject\",\"inLanguage\":\"es\",\"@id\":\"https:\/\/farmaciacentrosanmiguel.com\/tienda\/producto\/be-skin-protec-antimanchas-prevencion\/#primaryimage\",\"url\":\"https:\/\/farmaciacentrosanmiguel.com\/tienda\/wp-content\/uploads\/2025\/04\/39-be-skin-protect-manchas.jpg\",\"contentUrl\":\"https:\/\/farmaciacentrosanmiguel.com\/tienda\/wp-content\/uploads\/2025\/04\/39-be-skin-protect-manchas.jpg\",\"width\":800,\"height\":800},{\"@type\":\"BreadcrumbList\",\"@id\":\"https:\/\/farmaciacentrosanmiguel.com\/tienda\/producto\/be-skin-protec-antimanchas-prevencion\/#breadcrumb\",\"itemListElement\":[{\"@type\":\"ListItem\",\"position\":1,\"name\":\"Portada\",\"item\":\"https:\/\/farmaciacentrosanmiguel.com\/tienda\/\"},{\"@type\":\"ListItem\",\"position\":2,\"name\":\"Tienda\",\"item\":\"https:\/\/farmaciacentrosanmiguel.com\/tienda\/\"},{\"@type\":\"ListItem\",\"position\":3,\"name\":\"Be+ Skin protec antimanchas prevenci\u00f3n\"}]},{\"@type\":\"WebSite\",\"@id\":\"https:\/\/farmaciacentrosanmiguel.com\/tienda\/#website\",\"url\":\"https:\/\/farmaciacentrosanmiguel.com\/tienda\/\",\"name\":\"Tienda Farmacia Centro San Miguel - In\u00e9s Calle\",\"description\":\"\",\"publisher\":{\"@id\":\"https:\/\/farmaciacentrosanmiguel.com\/tienda\/#\/schema\/person\/9a948bf16c33e3b7ac82043371ab9bce\"},\"potentialAction\":[{\"@type\":\"SearchAction\",\"target\":{\"@type\":\"EntryPoint\",\"urlTemplate\":\"https:\/\/farmaciacentrosanmiguel.com\/tienda\/?s={search_term_string}\"},\"query-input\":{\"@type\":\"PropertyValueSpecification\",\"valueRequired\":true,\"valueName\":\"search_term_string\"}}],\"inLanguage\":\"es\"},{\"@type\":[\"Person\",\"Organization\"],\"@id\":\"https:\/\/farmaciacentrosanmiguel.com\/tienda\/#\/schema\/person\/9a948bf16c33e3b7ac82043371ab9bce\",\"name\":\"In\u00e9s Calle P\u00e9rez\",\"image\":{\"@type\":\"ImageObject\",\"inLanguage\":\"es\",\"@id\":\"https:\/\/farmaciacentrosanmiguel.com\/tienda\/#\/schema\/person\/image\/\",\"url\":\"https:\/\/farmaciacentrosanmiguel.com\/tienda\/wp-content\/uploads\/2025\/04\/cabecera_new2.jpg\",\"contentUrl\":\"https:\/\/farmaciacentrosanmiguel.com\/tienda\/wp-content\/uploads\/2025\/04\/cabecera_new2.jpg\",\"width\":1000,\"height\":329,\"caption\":\"In\u00e9s Calle P\u00e9rez\"},\"logo\":{\"@id\":\"https:\/\/farmaciacentrosanmiguel.com\/tienda\/#\/schema\/person\/image\/\"},\"sameAs\":[\"https:\/\/farmaciacentrosanmiguel.com\/tienda\"]}]}<\/script>\n<!-- \/ Yoast SEO plugin. -->","yoast_head_json":{"title":"Be+ Skin protec antimanchas prevenci\u00f3n - Tienda Farmacia Centro San Miguel - In\u00e9s Calle","robots":{"index":"index","follow":"follow","max-snippet":"max-snippet:-1","max-image-preview":"max-image-preview:large","max-video-preview":"max-video-preview:-1"},"canonical":"https:\/\/farmaciacentrosanmiguel.com\/tienda\/producto\/be-skin-protec-antimanchas-prevencion\/","og_locale":"es_ES","og_type":"article","og_title":"Be+ Skin protec antimanchas prevenci\u00f3n - Tienda Farmacia Centro San Miguel - In\u00e9s Calle","og_description":"Be+Skin Protect antimanchas prevenci\u00f3n SPF50+ es un ultrafluido antimachas de alta eficacia dise\u00f1ado especialmente para prevenir la aparici\u00f3n de manchas...","og_url":"https:\/\/farmaciacentrosanmiguel.com\/tienda\/producto\/be-skin-protec-antimanchas-prevencion\/","og_site_name":"Tienda Farmacia Centro San Miguel - In\u00e9s Calle","article_modified_time":"2025-04-25T12:37:00+00:00","og_image":[{"width":800,"height":800,"url":"https:\/\/farmaciacentrosanmiguel.com\/tienda\/wp-content\/uploads\/2025\/04\/39-be-skin-protect-manchas.jpg","type":"image\/jpeg"}],"twitter_card":"summary_large_image","schema":{"@context":"https:\/\/schema.org","@graph":[{"@type":"WebPage","@id":"https:\/\/farmaciacentrosanmiguel.com\/tienda\/producto\/be-skin-protec-antimanchas-prevencion\/","url":"https:\/\/farmaciacentrosanmiguel.com\/tienda\/producto\/be-skin-protec-antimanchas-prevencion\/","name":"Be+ Skin protec antimanchas prevenci\u00f3n - Tienda Farmacia Centro San Miguel - In\u00e9s Calle","isPartOf":{"@id":"https:\/\/farmaciacentrosanmiguel.com\/tienda\/#website"},"primaryImageOfPage":{"@id":"https:\/\/farmaciacentrosanmiguel.com\/tienda\/producto\/be-skin-protec-antimanchas-prevencion\/#primaryimage"},"image":{"@id":"https:\/\/farmaciacentrosanmiguel.com\/tienda\/producto\/be-skin-protec-antimanchas-prevencion\/#primaryimage"},"thumbnailUrl":"https:\/\/farmaciacentrosanmiguel.com\/tienda\/wp-content\/uploads\/2025\/04\/39-be-skin-protect-manchas.jpg","datePublished":"2025-04-22T11:13:03+00:00","dateModified":"2025-04-25T12:37:00+00:00","breadcrumb":{"@id":"https:\/\/farmaciacentrosanmiguel.com\/tienda\/producto\/be-skin-protec-antimanchas-prevencion\/#breadcrumb"},"inLanguage":"es","potentialAction":[{"@type":"ReadAction","target":["https:\/\/farmaciacentrosanmiguel.com\/tienda\/producto\/be-skin-protec-antimanchas-prevencion\/"]}]},{"@type":"ImageObject","inLanguage":"es","@id":"https:\/\/farmaciacentrosanmiguel.com\/tienda\/producto\/be-skin-protec-antimanchas-prevencion\/#primaryimage","url":"https:\/\/farmaciacentrosanmiguel.com\/tienda\/wp-content\/uploads\/2025\/04\/39-be-skin-protect-manchas.jpg","contentUrl":"https:\/\/farmaciacentrosanmiguel.com\/tienda\/wp-content\/uploads\/2025\/04\/39-be-skin-protect-manchas.jpg","width":800,"height":800},{"@type":"BreadcrumbList","@id":"https:\/\/farmaciacentrosanmiguel.com\/tienda\/producto\/be-skin-protec-antimanchas-prevencion\/#breadcrumb","itemListElement":[{"@type":"ListItem","position":1,"name":"Portada","item":"https:\/\/farmaciacentrosanmiguel.com\/tienda\/"},{"@type":"ListItem","position":2,"name":"Tienda","item":"https:\/\/farmaciacentrosanmiguel.com\/tienda\/"},{"@type":"ListItem","position":3,"name":"Be+ Skin protec antimanchas prevenci\u00f3n"}]},{"@type":"WebSite","@id":"https:\/\/farmaciacentrosanmiguel.com\/tienda\/#website","url":"https:\/\/farmaciacentrosanmiguel.com\/tienda\/","name":"Tienda Farmacia Centro San Miguel - In\u00e9s Calle","description":"","publisher":{"@id":"https:\/\/farmaciacentrosanmiguel.com\/tienda\/#\/schema\/person\/9a948bf16c33e3b7ac82043371ab9bce"},"potentialAction":[{"@type":"SearchAction","target":{"@type":"EntryPoint","urlTemplate":"https:\/\/farmaciacentrosanmiguel.com\/tienda\/?s={search_term_string}"},"query-input":{"@type":"PropertyValueSpecification","valueRequired":true,"valueName":"search_term_string"}}],"inLanguage":"es"},{"@type":["Person","Organization"],"@id":"https:\/\/farmaciacentrosanmiguel.com\/tienda\/#\/schema\/person\/9a948bf16c33e3b7ac82043371ab9bce","name":"In\u00e9s Calle P\u00e9rez","image":{"@type":"ImageObject","inLanguage":"es","@id":"https:\/\/farmaciacentrosanmiguel.com\/tienda\/#\/schema\/person\/image\/","url":"https:\/\/farmaciacentrosanmiguel.com\/tienda\/wp-content\/uploads\/2025\/04\/cabecera_new2.jpg","contentUrl":"https:\/\/farmaciacentrosanmiguel.com\/tienda\/wp-content\/uploads\/2025\/04\/cabecera_new2.jpg","width":1000,"height":329,"caption":"In\u00e9s Calle P\u00e9rez"},"logo":{"@id":"https:\/\/farmaciacentrosanmiguel.com\/tienda\/#\/schema\/person\/image\/"},"sameAs":["https:\/\/farmaciacentrosanmiguel.com\/tienda"]}]}},"uagb_featured_image_src":{"full":["https:\/\/farmaciacentrosanmiguel.com\/tienda\/wp-content\/uploads\/2025\/04\/39-be-skin-protect-manchas.jpg",800,800,false],"thumbnail":["https:\/\/farmaciacentrosanmiguel.com\/tienda\/wp-content\/uploads\/2025\/04\/39-be-skin-protect-manchas-150x150.jpg",150,150,true],"medium":["https:\/\/farmaciacentrosanmiguel.com\/tienda\/wp-content\/uploads\/2025\/04\/39-be-skin-protect-manchas-300x300.jpg",300,300,true],"medium_large":["https:\/\/farmaciacentrosanmiguel.com\/tienda\/wp-content\/uploads\/2025\/04\/39-be-skin-protect-manchas-768x768.jpg",768,768,true],"large":["https:\/\/farmaciacentrosanmiguel.com\/tienda\/wp-content\/uploads\/2025\/04\/39-be-skin-protect-manchas.jpg",800,800,false],"1536x1536":["https:\/\/farmaciacentrosanmiguel.com\/tienda\/wp-content\/uploads\/2025\/04\/39-be-skin-protect-manchas.jpg",800,800,false],"2048x2048":["https:\/\/farmaciacentrosanmiguel.com\/tienda\/wp-content\/uploads\/2025\/04\/39-be-skin-protect-manchas.jpg",800,800,false],"woocommerce_thumbnail":["https:\/\/farmaciacentrosanmiguel.com\/tienda\/wp-content\/uploads\/2025\/04\/39-be-skin-protect-manchas-300x300.jpg",300,300,true],"woocommerce_single":["https:\/\/farmaciacentrosanmiguel.com\/tienda\/wp-content\/uploads\/2025\/04\/39-be-skin-protect-manchas-600x600.jpg",600,600,true],"woocommerce_gallery_thumbnail":["https:\/\/farmaciacentrosanmiguel.com\/tienda\/wp-content\/uploads\/2025\/04\/39-be-skin-protect-manchas-100x100.jpg",100,100,true]},"uagb_author_info":{"display_name":"In\u00e9s Calle P\u00e9rez","author_link":"https:\/\/farmaciacentrosanmiguel.com\/tienda\/author\/"},"uagb_comment_info":0,"uagb_excerpt":"Be+Skin Protect antimanchas prevenci\u00f3n SPF50+ es un ultrafluido antimachas de alta eficacia dise\u00f1ado especialmente para prevenir la aparici\u00f3n de manchas...","_links":{"self":[{"href":"https:\/\/farmaciacentrosanmiguel.com\/tienda\/wp-json\/wp\/v2\/product\/684","targetHints":{"allow":["GET"]}}],"collection":[{"href":"https:\/\/farmaciacentrosanmiguel.com\/tienda\/wp-json\/wp\/v2\/product"}],"about":[{"href":"https:\/\/farmaciacentrosanmiguel.com\/tienda\/wp-json\/wp\/v2\/types\/product"}],"wp:featuredmedia":[{"embeddable":true,"href":"https:\/\/farmaciacentrosanmiguel.com\/tienda\/wp-json\/wp\/v2\/media\/872"}],"wp:attachment":[{"href":"https:\/\/farmaciacentrosanmiguel.com\/tienda\/wp-json\/wp\/v2\/media?parent=684"}],"wp:term":[{"taxonomy":"product_brand","embeddable":true,"href":"https:\/\/farmaciacentrosanmiguel.com\/tienda\/wp-json\/wp\/v2\/product_brand?post=684"},{"taxonomy":"product_cat","embeddable":true,"href":"https:\/\/farmaciacentrosanmiguel.com\/tienda\/wp-json\/wp\/v2\/product_cat?post=684"},{"taxonomy":"product_tag","embeddable":true,"href":"https:\/\/farmaciacentrosanmiguel.com\/tienda\/wp-json\/wp\/v2\/product_tag?post=684"}],"curies":[{"name":"wp","href":"https:\/\/api.w.org\/{rel}","templated":true}]}}